{"id":57,"date":"2008-08-12T19:28:37","date_gmt":"2008-08-13T00:28:37","guid":{"rendered":"http:\/\/www.plongeeenapnee.com\/?page_id=57"},"modified":"2021-01-17T11:27:21","modified_gmt":"2021-01-17T16:27:21","slug":"videos-de-plongee","status":"publish","type":"page","link":"https:\/\/www.plongeeenapnee.com\/?page_id=57","title":{"rendered":"Vid\u00e9os des Cara\u00efbes"},"content":{"rendered":"<p><strong>Voici nos vid\u00e9os film\u00e9s lors\u00a0 de nos voyages dans les Cara\u00efbes et les Antilles<br \/>\n<\/strong><\/p>\n<p><span style=\"color: #000000;\">S\u00e9lectionnez le vid\u00e9o que vous d\u00e9sirez visionner dans la liste \u00e0 ci-dessous.<br \/>\nLes videos les plus r\u00e9cents sont au d\u00e9but de la liste.<\/span><\/p>\n<p><strong><span style=\"color: #000000;\">Bon visionnement!<\/span><\/strong><\/p>\n<p>[Youtube_Channel_Gallery feed=\u00a0\u00bbplaylist\u00a0\u00bb user=\u00a0\u00bbPL5D80975A398E0997&Prime; videowidth=\u00a0\u00bb560&Prime; color=\u00a0\u00bbred\u00a0\u00bb rel=\u00a0\u00bb0&Prime; showinfo=\u00a0\u00bb1&Prime; maxitems=\u00a0\u00bb20&Prime; thumbwidth=\u00a0\u00bb100&Prime; thumbcolumns=\u00a0\u00bb2&Prime; title=\u00a0\u00bb1&Prime; description=\u00a0\u00bb0&Prime; thumbnail_alignment=\u00a0\u00bbleft\u00a0\u00bb descriptionwordsnumber=\u00a0\u00bb4&Prime; cache=\u00a0\u00bb0&Prime; cache_time=\u00a0\u00bb1&Prime; key=\u00a0\u00bbAIzaSyAGQMD2ArIOoH7nqni3aF4_KKaPuutmzXk\u00a0\u00bb]<\/p>\n","protected":false},"excerpt":{"rendered":"<p>Voici nos vid\u00e9os film\u00e9s lors\u00a0 de nos voyages dans les Cara\u00efbes et les Antilles S\u00e9lectionnez le vid\u00e9o que vous d\u00e9sirez visionner dans la liste \u00e0 ci-dessous. Les videos les plus r\u00e9cents sont au d\u00e9but de la liste. Bon visionnement! [Youtube_Channel_Gallery feed=\u00a0\u00bbplaylist\u00a0\u00bb user=\u00a0\u00bbPL5D80975A398E0997&Prime; videowidth=\u00a0\u00bb560&Prime; color=\u00a0\u00bbred\u00a0\u00bb rel=\u00a0\u00bb0&Prime; showinfo=\u00a0\u00bb1&Prime; maxitems=\u00a0\u00bb20&Prime; thumbwidth=\u00a0\u00bb100&Prime; thumbcolumns=\u00a0\u00bb2&Prime; title=\u00a0\u00bb1&Prime; description=\u00a0\u00bb0&Prime; thumbnail_alignment=\u00a0\u00bbleft\u00a0\u00bb descriptionwordsnumber=\u00a0\u00bb4&Prime; cache=\u00a0\u00bb0&Prime; cache_time=\u00a0\u00bb1&Prime; [&hellip;]<\/p>\n","protected":false},"author":2,"featured_media":0,"parent":0,"menu_order":60,"comment_status":"closed","ping_status":"closed","template":"","meta":{"footnotes":"","_links_to":"","_links_to_target":""},"class_list":["post-57","page","type-page","status-publish","hentry","post-preview"],"_links":{"self":[{"href":"https:\/\/www.plongeeenapnee.com\/index.php?rest_route=\/wp\/v2\/pages\/57","targetHints":{"allow":["GET"]}}],"collection":[{"href":"https:\/\/www.plongeeenapnee.com\/index.php?rest_route=\/wp\/v2\/pages"}],"about":[{"href":"https:\/\/www.plongeeenapnee.com\/index.php?rest_route=\/wp\/v2\/types\/page"}],"author":[{"embeddable":true,"href":"https:\/\/www.plongeeenapnee.com\/index.php?rest_route=\/wp\/v2\/users\/2"}],"replies":[{"embeddable":true,"href":"https:\/\/www.plongeeenapnee.com\/index.php?rest_route=%2Fwp%2Fv2%2Fcomments&post=57"}],"version-history":[{"count":0,"href":"https:\/\/www.plongeeenapnee.com\/index.php?rest_route=\/wp\/v2\/pages\/57\/revisions"}],"wp:attachment":[{"href":"https:\/\/www.plongeeenapnee.com\/index.php?rest_route=%2Fwp%2Fv2%2Fmedia&parent=57"}],"curies":[{"name":"wp","href":"https:\/\/api.w.org\/{rel}","templated":true}]}}